{"id":1449,"date":"2023-04-06T13:47:17","date_gmt":"2023-04-06T10:47:17","guid":{"rendered":"https:\/\/hautalahti.fi\/kauppa\/?post_type=product&#038;p=1449"},"modified":"2026-03-09T15:53:00","modified_gmt":"2026-03-09T13:53:00","slug":"uniball-kierreholkki-m14","status":"publish","type":"product","link":"https:\/\/hautalahti.fi\/kauppa\/en\/product\/uniball-kierreholkki-m14\/","title":{"rendered":"Uniball Threaded Sleeve M14"},"content":{"rendered":"<p>Uniball Kierre holkki Tankojen tekoon<\/p>\n<p>soveltuu k\u00e4ytett\u00e4v\u00e4ksi esim.3\/4&#8243; Tukivarsi putken kanssa<\/p>\n<p>Sis\u00e4kierre M14 Vasen\/Oikea<\/p>\n<p>Pituus 20mm<\/p>\n<p>Olake 5mm<\/p>\n<p>Halkaisija 25\/21,4<\/p>\n<p>Valitse Liukuvalikosta Kierteen K\u00e4tisyys!<\/p>","protected":false},"excerpt":{"rendered":"<p>Uniball Kierre holkki Tankojen tekoon soveltuu k\u00e4ytett\u00e4v\u00e4ksi esim.3\/4&#8243; Tukivarsi putken kanssa Sis\u00e4kierre M14 Vasen\/Oikea Pituus 20mm Olake 5mm Halkaisija 25\/21,4 Valitse Liukuvalikosta Kierteen K\u00e4tisyys!<\/p>","protected":false},"featured_media":847,"comment_status":"closed","ping_status":"closed","template":"","meta":[],"product_brand":[],"product_cat":[95,92],"product_tag":[20,88,45,46,12,69,44,10],"class_list":{"0":"post-1449","1":"product","2":"type-product","3":"status-publish","4":"has-post-thumbnail","6":"product_cat-kaikkituotteet","7":"product_cat-uniball-osat","8":"product_tag-hitsattava","9":"product_tag-jokkis","10":"product_tag-linkintanko","11":"product_tag-linkki","12":"product_tag-m16","13":"product_tag-taka-akseli","14":"product_tag-tukivarsi","15":"product_tag-uniball","17":"first","18":"instock","19":"taxable","20":"shipping-taxable","21":"purchasable","22":"product-type-variable","23":"czr-hentry"},"jetpack_sharing_enabled":true,"_links":{"self":[{"href":"https:\/\/hautalahti.fi\/kauppa\/en\/wp-json\/wp\/v2\/product\/1449","targetHints":{"allow":["GET"]}}],"collection":[{"href":"https:\/\/hautalahti.fi\/kauppa\/en\/wp-json\/wp\/v2\/product"}],"about":[{"href":"https:\/\/hautalahti.fi\/kauppa\/en\/wp-json\/wp\/v2\/types\/product"}],"replies":[{"embeddable":true,"href":"https:\/\/hautalahti.fi\/kauppa\/en\/wp-json\/wp\/v2\/comments?post=1449"}],"wp:featuredmedia":[{"embeddable":true,"href":"https:\/\/hautalahti.fi\/kauppa\/en\/wp-json\/wp\/v2\/media\/847"}],"wp:attachment":[{"href":"https:\/\/hautalahti.fi\/kauppa\/en\/wp-json\/wp\/v2\/media?parent=1449"}],"wp:term":[{"taxonomy":"product_brand","embeddable":true,"href":"https:\/\/hautalahti.fi\/kauppa\/en\/wp-json\/wp\/v2\/product_brand?post=1449"},{"taxonomy":"product_cat","embeddable":true,"href":"https:\/\/hautalahti.fi\/kauppa\/en\/wp-json\/wp\/v2\/product_cat?post=1449"},{"taxonomy":"product_tag","embeddable":true,"href":"https:\/\/hautalahti.fi\/kauppa\/en\/wp-json\/wp\/v2\/product_tag?post=1449"}],"curies":[{"name":"wp","href":"https:\/\/api.w.org\/{rel}","templated":true}]}}