{"id":1446,"date":"2023-04-06T13:43:50","date_gmt":"2023-04-06T10:43:50","guid":{"rendered":"https:\/\/hautalahti.fi\/kauppa\/?post_type=product&#038;p=1446"},"modified":"2026-03-31T21:14:20","modified_gmt":"2026-03-31T18:14:20","slug":"uniball-m14","status":"publish","type":"product","link":"https:\/\/hautalahti.fi\/kauppa\/en\/product\/uniball-m14\/","title":{"rendered":"Uniball M14"},"content":{"rendered":"<p>Kierre: M14x2.00mm Oikeakierre<\/p>\n<p>Silm\u00e4n sis\u00e4halkaisija: 14mm<\/p>\n<p>Kierteen pituus: 41mm<\/p>\n<p>Koko Pituus: 88mm<\/p>\n<p>Leveys: 40mm<\/p>\n<p>Paksuus: 21mm<\/p>\n<p>Materiaali: Ter\u00e4s + Laakeripronssi<\/p>\n<p>Kierre: Vasen\/Oikea<\/p>\n<p>Valitse Liukuvalikosta Kierteen K\u00e4tisyys<\/p>","protected":false},"excerpt":{"rendered":"<p>Kierre: M14x2.00mm Oikeakierre Silm\u00e4n sis\u00e4halkaisija: 14mm Kierteen pituus: 41mm Koko Pituus: 88mm Leveys: 40mm Paksuus: 21mm Materiaali: Ter\u00e4s + Laakeripronssi Kierre: Vasen\/Oikea Valitse Liukuvalikosta Kierteen K\u00e4tisyys<\/p>","protected":false},"featured_media":841,"comment_status":"closed","ping_status":"closed","template":"","meta":[],"product_brand":[],"product_cat":[95,92,187],"product_tag":[78,103,27,102,88,101,168,12,14,11,13,10,96],"class_list":{"0":"post-1446","1":"product","2":"type-product","3":"status-publish","4":"has-post-thumbnail","6":"product_cat-kaikkituotteet","7":"product_cat-uniball-osat","8":"product_cat-valtuot","9":"product_tag-bmw","10":"product_tag-datsun","11":"product_tag-fiat","12":"product_tag-ford","13":"product_tag-jokkis","14":"product_tag-m-b","15":"product_tag-m14","16":"product_tag-m16","17":"product_tag-messinki","18":"product_tag-oikeakierre","19":"product_tag-teras","20":"product_tag-uniball","21":"product_tag-volvo","23":"first","24":"instock","25":"taxable","26":"shipping-taxable","27":"purchasable","28":"product-type-variable","29":"czr-hentry"},"jetpack_sharing_enabled":true,"_links":{"self":[{"href":"https:\/\/hautalahti.fi\/kauppa\/en\/wp-json\/wp\/v2\/product\/1446","targetHints":{"allow":["GET"]}}],"collection":[{"href":"https:\/\/hautalahti.fi\/kauppa\/en\/wp-json\/wp\/v2\/product"}],"about":[{"href":"https:\/\/hautalahti.fi\/kauppa\/en\/wp-json\/wp\/v2\/types\/product"}],"replies":[{"embeddable":true,"href":"https:\/\/hautalahti.fi\/kauppa\/en\/wp-json\/wp\/v2\/comments?post=1446"}],"wp:featuredmedia":[{"embeddable":true,"href":"https:\/\/hautalahti.fi\/kauppa\/en\/wp-json\/wp\/v2\/media\/841"}],"wp:attachment":[{"href":"https:\/\/hautalahti.fi\/kauppa\/en\/wp-json\/wp\/v2\/media?parent=1446"}],"wp:term":[{"taxonomy":"product_brand","embeddable":true,"href":"https:\/\/hautalahti.fi\/kauppa\/en\/wp-json\/wp\/v2\/product_brand?post=1446"},{"taxonomy":"product_cat","embeddable":true,"href":"https:\/\/hautalahti.fi\/kauppa\/en\/wp-json\/wp\/v2\/product_cat?post=1446"},{"taxonomy":"product_tag","embeddable":true,"href":"https:\/\/hautalahti.fi\/kauppa\/en\/wp-json\/wp\/v2\/product_tag?post=1446"}],"curies":[{"name":"wp","href":"https:\/\/api.w.org\/{rel}","templated":true}]}}