{"id":1423,"date":"2023-03-06T21:30:52","date_gmt":"2023-03-06T19:30:52","guid":{"rendered":"https:\/\/hautalahti.fi\/kauppa\/?post_type=product&#038;p=1423"},"modified":"2026-04-04T19:47:42","modified_gmt":"2026-04-04T16:47:42","slug":"kytkinlevy-volvo-22h-215mm-4-lapaa","status":"publish","type":"product","link":"https:\/\/hautalahti.fi\/kauppa\/en\/product\/kytkinlevy-volvo-22h-215mm-4-lapaa\/","title":{"rendered":"Clutch Disc Volvo 22H 215mm 4-Pad"},"content":{"rendered":"<p>Boori: 22<\/p>\n<p>Halkaisija: 215mm<\/p>\n<p>Jousitus: ei<\/p>\n<p>Lapam\u00e4\u00e4r\u00e4: 4<\/p>\n<p>Paksuus 8.1mm<\/p>","protected":false},"excerpt":{"rendered":"<p>Boori: 22 Halkaisija: 215mm Jousitus: ei Lapam\u00e4\u00e4r\u00e4: 4 Paksuus 8.1mm<\/p>","protected":false},"featured_media":1353,"comment_status":"closed","ping_status":"closed","template":"","meta":[],"product_brand":[],"product_cat":[91,95,93,187,100,38],"product_tag":[],"class_list":{"0":"post-1423","1":"product","2":"type-product","3":"status-publish","4":"has-post-thumbnail","6":"product_cat-bmw-osat","7":"product_cat-kaikkituotteet","8":"product_cat-mercedes-benz","9":"product_cat-valtuot","10":"product_cat-vauhtipyorat","11":"product_cat-yleinen","13":"first","14":"instock","15":"taxable","16":"shipping-taxable","17":"purchasable","18":"product-type-simple","19":"czr-hentry"},"jetpack_sharing_enabled":true,"_links":{"self":[{"href":"https:\/\/hautalahti.fi\/kauppa\/en\/wp-json\/wp\/v2\/product\/1423","targetHints":{"allow":["GET"]}}],"collection":[{"href":"https:\/\/hautalahti.fi\/kauppa\/en\/wp-json\/wp\/v2\/product"}],"about":[{"href":"https:\/\/hautalahti.fi\/kauppa\/en\/wp-json\/wp\/v2\/types\/product"}],"replies":[{"embeddable":true,"href":"https:\/\/hautalahti.fi\/kauppa\/en\/wp-json\/wp\/v2\/comments?post=1423"}],"wp:featuredmedia":[{"embeddable":true,"href":"https:\/\/hautalahti.fi\/kauppa\/en\/wp-json\/wp\/v2\/media\/1353"}],"wp:attachment":[{"href":"https:\/\/hautalahti.fi\/kauppa\/en\/wp-json\/wp\/v2\/media?parent=1423"}],"wp:term":[{"taxonomy":"product_brand","embeddable":true,"href":"https:\/\/hautalahti.fi\/kauppa\/en\/wp-json\/wp\/v2\/product_brand?post=1423"},{"taxonomy":"product_cat","embeddable":true,"href":"https:\/\/hautalahti.fi\/kauppa\/en\/wp-json\/wp\/v2\/product_cat?post=1423"},{"taxonomy":"product_tag","embeddable":true,"href":"https:\/\/hautalahti.fi\/kauppa\/en\/wp-json\/wp\/v2\/product_tag?post=1423"}],"curies":[{"name":"wp","href":"https:\/\/api.w.org\/{rel}","templated":true}]}}