{"id":1408,"date":"2023-03-06T20:39:14","date_gmt":"2023-03-06T18:39:14","guid":{"rendered":"https:\/\/hautalahti.fi\/kauppa\/?post_type=product&#038;p=1408"},"modified":"2026-02-27T17:18:13","modified_gmt":"2026-02-27T15:18:13","slug":"duratec-215mm-terasvauhtipyorapaketti","status":"publish","type":"product","link":"https:\/\/hautalahti.fi\/kauppa\/en\/product\/duratec-215mm-terasvauhtipyorapaketti\/","title":{"rendered":"Duratec 215mm Steel Flywheel Clutch Kit"},"content":{"rendered":"<p>Ford\/Mazda Duratec Moottoreihin sopiva kevyt Ter\u00e4svauhtipy\u00f6r\u00e4paketti.<\/p>\n<p>-Vauhtipy\u00f6r\u00e4n paino n.4,9kg<\/p>\n<p>-215mm 4-lapainen sintteri levy<\/p>\n<p>-215mm Sachs Asetelma<\/p>\n<p><strong>Valitse liukuvalikosta haluamasi kytkinlevy!<\/strong><\/p>\n<p>Ei sis\u00e4ll\u00e4 Hammaskeh\u00e4\u00e4!!<\/p>\n<p>Ei Tasapainoitettu!<\/p>\n<p>Vain Kilpa k\u00e4ytt\u00f6\u00f6n!<\/p>\n<p>Saatavana my\u00f6s Kevyt &#8221;Luuranko&#8221; versio samasta vauhtipy\u00f6r\u00e4st\u00e4!<\/p>\n<p>Tehty Mazda Hammaskeh\u00e4lle!<\/p>","protected":false},"excerpt":{"rendered":"<p>Ford\/Mazda Duratec Moottoreihin sopiva kevyt Ter\u00e4svauhtipy\u00f6r\u00e4paketti. -Vauhtipy\u00f6r\u00e4n paino n.4,9kg -215mm 4-lapainen sintteri levy -215mm Sachs Asetelma Valitse liukuvalikosta haluamasi kytkinlevy! Ei sis\u00e4ll\u00e4 Hammaskeh\u00e4\u00e4!! Ei Tasapainoitettu! Vain Kilpa k\u00e4ytt\u00f6\u00f6n! Saatavana my\u00f6s Kevyt &#8221;Luuranko&#8221; versio samasta vauhtipy\u00f6r\u00e4st\u00e4! Tehty Mazda Hammaskeh\u00e4lle!<\/p>","protected":false},"featured_media":1342,"comment_status":"closed","ping_status":"closed","template":"","meta":[],"product_brand":[],"product_cat":[91,95,100,38],"product_tag":[78,164,102,50,15,52,57,53,56,163,55,54,97,96],"class_list":{"0":"post-1408","1":"product","2":"type-product","3":"status-publish","4":"has-post-thumbnail","6":"product_cat-bmw-osat","7":"product_cat-kaikkituotteet","8":"product_cat-vauhtipyorat","9":"product_cat-yleinen","10":"product_tag-bmw","11":"product_tag-duratec","12":"product_tag-ford","13":"product_tag-kevennetty","14":"product_tag-m20","15":"product_tag-m50","16":"product_tag-m51","17":"product_tag-m52","18":"product_tag-m54","19":"product_tag-mazda","20":"product_tag-sre-765","21":"product_tag-terasvauhtipyora","22":"product_tag-vauhtipyora","23":"product_tag-volvo","24":"product_shipping_class-175","26":"first","27":"instock","28":"taxable","29":"shipping-taxable","30":"purchasable","31":"product-type-variable","32":"czr-hentry"},"jetpack_sharing_enabled":true,"_links":{"self":[{"href":"https:\/\/hautalahti.fi\/kauppa\/en\/wp-json\/wp\/v2\/product\/1408","targetHints":{"allow":["GET"]}}],"collection":[{"href":"https:\/\/hautalahti.fi\/kauppa\/en\/wp-json\/wp\/v2\/product"}],"about":[{"href":"https:\/\/hautalahti.fi\/kauppa\/en\/wp-json\/wp\/v2\/types\/product"}],"replies":[{"embeddable":true,"href":"https:\/\/hautalahti.fi\/kauppa\/en\/wp-json\/wp\/v2\/comments?post=1408"}],"wp:featuredmedia":[{"embeddable":true,"href":"https:\/\/hautalahti.fi\/kauppa\/en\/wp-json\/wp\/v2\/media\/1342"}],"wp:attachment":[{"href":"https:\/\/hautalahti.fi\/kauppa\/en\/wp-json\/wp\/v2\/media?parent=1408"}],"wp:term":[{"taxonomy":"product_brand","embeddable":true,"href":"https:\/\/hautalahti.fi\/kauppa\/en\/wp-json\/wp\/v2\/product_brand?post=1408"},{"taxonomy":"product_cat","embeddable":true,"href":"https:\/\/hautalahti.fi\/kauppa\/en\/wp-json\/wp\/v2\/product_cat?post=1408"},{"taxonomy":"product_tag","embeddable":true,"href":"https:\/\/hautalahti.fi\/kauppa\/en\/wp-json\/wp\/v2\/product_tag?post=1408"}],"curies":[{"name":"wp","href":"https:\/\/api.w.org\/{rel}","templated":true}]}}