{"id":1394,"date":"2023-03-06T20:15:39","date_gmt":"2023-03-06T18:15:39","guid":{"rendered":"https:\/\/hautalahti.fi\/kauppa\/?post_type=product&#038;p=1394"},"modified":"2026-02-27T17:20:42","modified_gmt":"2026-02-27T15:20:42","slug":"duratec-215mm-kevyt-terasvauhtipyorapaketti","status":"publish","type":"product","link":"https:\/\/hautalahti.fi\/kauppa\/en\/product\/duratec-215mm-kevyt-terasvauhtipyorapaketti\/","title":{"rendered":"Duratec 215mm Lightweight Steel Flywheel Clutch Kit"},"content":{"rendered":"<p>Ford\/Mazda Duratec Moottoreihin sopiva kevyt Ter\u00e4svauhtipy\u00f6r\u00e4paketti.<\/p>\n<p>-Vauhtipy\u00f6r\u00e4n paino n.3,5kg<\/p>\n<p>-215mm Kytkinlevy<\/p>\n<p>-215mm\u00a0 Asetelma<\/p>\n<p><strong>Valitse liukuvalikosta haluamasi kytkinlevy!<\/strong><\/p>\n<p>Tehty sopivaksi Mazdan hammaskeh\u00e4lle.<\/p>\n<p>Ei sis\u00e4ll\u00e4 Hammaskeh\u00e4\u00e4!!<\/p>\n<p>Ei Tasapainoitettu!<\/p>\n<p>Vain Kilpa k\u00e4ytt\u00f6\u00f6n!<\/p>","protected":false},"excerpt":{"rendered":"<p>Ford\/Mazda Duratec Moottoreihin sopiva kevyt Ter\u00e4svauhtipy\u00f6r\u00e4paketti. -Vauhtipy\u00f6r\u00e4n paino n.3,5kg -215mm Kytkinlevy -215mm\u00a0 Asetelma Valitse liukuvalikosta haluamasi kytkinlevy! Tehty sopivaksi Mazdan hammaskeh\u00e4lle. Ei sis\u00e4ll\u00e4 Hammaskeh\u00e4\u00e4!! Ei Tasapainoitettu! Vain Kilpa k\u00e4ytt\u00f6\u00f6n!<\/p>","protected":false},"featured_media":1341,"comment_status":"closed","ping_status":"closed","template":"","meta":[],"product_brand":[],"product_cat":[91,95,100,38],"product_tag":[78,50,15,52,57,53,56,55,54,97],"class_list":{"0":"post-1394","1":"product","2":"type-product","3":"status-publish","4":"has-post-thumbnail","6":"product_cat-bmw-osat","7":"product_cat-kaikkituotteet","8":"product_cat-vauhtipyorat","9":"product_cat-yleinen","10":"product_tag-bmw","11":"product_tag-kevennetty","12":"product_tag-m20","13":"product_tag-m50","14":"product_tag-m51","15":"product_tag-m52","16":"product_tag-m54","17":"product_tag-sre-765","18":"product_tag-terasvauhtipyora","19":"product_tag-vauhtipyora","21":"first","22":"instock","23":"taxable","24":"shipping-taxable","25":"purchasable","26":"product-type-variable","27":"czr-hentry"},"jetpack_sharing_enabled":true,"_links":{"self":[{"href":"https:\/\/hautalahti.fi\/kauppa\/en\/wp-json\/wp\/v2\/product\/1394","targetHints":{"allow":["GET"]}}],"collection":[{"href":"https:\/\/hautalahti.fi\/kauppa\/en\/wp-json\/wp\/v2\/product"}],"about":[{"href":"https:\/\/hautalahti.fi\/kauppa\/en\/wp-json\/wp\/v2\/types\/product"}],"replies":[{"embeddable":true,"href":"https:\/\/hautalahti.fi\/kauppa\/en\/wp-json\/wp\/v2\/comments?post=1394"}],"wp:featuredmedia":[{"embeddable":true,"href":"https:\/\/hautalahti.fi\/kauppa\/en\/wp-json\/wp\/v2\/media\/1341"}],"wp:attachment":[{"href":"https:\/\/hautalahti.fi\/kauppa\/en\/wp-json\/wp\/v2\/media?parent=1394"}],"wp:term":[{"taxonomy":"product_brand","embeddable":true,"href":"https:\/\/hautalahti.fi\/kauppa\/en\/wp-json\/wp\/v2\/product_brand?post=1394"},{"taxonomy":"product_cat","embeddable":true,"href":"https:\/\/hautalahti.fi\/kauppa\/en\/wp-json\/wp\/v2\/product_cat?post=1394"},{"taxonomy":"product_tag","embeddable":true,"href":"https:\/\/hautalahti.fi\/kauppa\/en\/wp-json\/wp\/v2\/product_tag?post=1394"}],"curies":[{"name":"wp","href":"https:\/\/api.w.org\/{rel}","templated":true}]}}