{"id":1310,"date":"2023-01-09T13:14:29","date_gmt":"2023-01-09T11:14:29","guid":{"rendered":"https:\/\/hautalahti.fi\/kauppa\/?post_type=product&#038;p=1310"},"modified":"2026-02-27T17:21:53","modified_gmt":"2026-02-27T15:21:53","slug":"kierreholkkisarjan-mutteri","status":"publish","type":"product","link":"https:\/\/hautalahti.fi\/kauppa\/en\/product\/kierreholkkisarjan-mutteri\/","title":{"rendered":"Threaded Bushing Kit Nut"},"content":{"rendered":"<p>Kierre 50mm<\/p>\n<p>Nousu 2mm<\/p>\n<p>&nbsp;<\/p>\n<p>Myyd\u00e4\u00e4n yksitt\u00e4in.<\/p>","protected":false},"excerpt":{"rendered":"<p>Kierre 50mm Nousu 2mm &nbsp; Myyd\u00e4\u00e4n yksitt\u00e4in.<\/p>","protected":false},"featured_media":1307,"comment_status":"closed","ping_status":"closed","template":"","meta":[],"product_brand":[],"product_cat":[95,38],"product_tag":[142,18,141],"class_list":{"0":"post-1310","1":"product","2":"type-product","3":"status-publish","4":"has-post-thumbnail","6":"product_cat-kaikkituotteet","7":"product_cat-yleinen","8":"product_tag-alusta","9":"product_tag-kierreholkki","10":"product_tag-mutteri","12":"first","13":"instock","14":"taxable","15":"shipping-taxable","16":"purchasable","17":"product-type-simple","18":"czr-hentry"},"jetpack_sharing_enabled":true,"_links":{"self":[{"href":"https:\/\/hautalahti.fi\/kauppa\/en\/wp-json\/wp\/v2\/product\/1310","targetHints":{"allow":["GET"]}}],"collection":[{"href":"https:\/\/hautalahti.fi\/kauppa\/en\/wp-json\/wp\/v2\/product"}],"about":[{"href":"https:\/\/hautalahti.fi\/kauppa\/en\/wp-json\/wp\/v2\/types\/product"}],"replies":[{"embeddable":true,"href":"https:\/\/hautalahti.fi\/kauppa\/en\/wp-json\/wp\/v2\/comments?post=1310"}],"wp:featuredmedia":[{"embeddable":true,"href":"https:\/\/hautalahti.fi\/kauppa\/en\/wp-json\/wp\/v2\/media\/1307"}],"wp:attachment":[{"href":"https:\/\/hautalahti.fi\/kauppa\/en\/wp-json\/wp\/v2\/media?parent=1310"}],"wp:term":[{"taxonomy":"product_brand","embeddable":true,"href":"https:\/\/hautalahti.fi\/kauppa\/en\/wp-json\/wp\/v2\/product_brand?post=1310"},{"taxonomy":"product_cat","embeddable":true,"href":"https:\/\/hautalahti.fi\/kauppa\/en\/wp-json\/wp\/v2\/product_cat?post=1310"},{"taxonomy":"product_tag","embeddable":true,"href":"https:\/\/hautalahti.fi\/kauppa\/en\/wp-json\/wp\/v2\/product_tag?post=1310"}],"curies":[{"name":"wp","href":"https:\/\/api.w.org\/{rel}","templated":true}]}}