{"id":1256,"date":"2022-06-21T15:06:26","date_gmt":"2022-06-21T12:06:26","guid":{"rendered":"https:\/\/hautalahti.fi\/kauppa\/?post_type=product&#038;p=1256"},"modified":"2026-02-27T17:23:31","modified_gmt":"2026-02-27T15:23:31","slug":"volvo-alasiivapyora-100-sarjan-moottorit","status":"publish","type":"product","link":"https:\/\/hautalahti.fi\/kauppa\/en\/product\/volvo-alasiivapyora-100-sarjan-moottorit\/","title":{"rendered":"Volvo Lower Crank Pulley (100-Series Engines)"},"content":{"rendered":"<p>Volvon satasarjan moottoreihin alasiivapy\u00f6r\u00e4<\/p>\n<p>Kevyempi ja pienemm\u00e4ll\u00e4 keh\u00e4ll\u00e4 kuin alkuper\u00e4inen, jolloin saadaan esim vesipumpun ja laturin toiminta-aluetta parannettua.<\/p>\n<p>&nbsp;<\/p>\n<p>Products are made to order as custom work!<\/p>","protected":false},"excerpt":{"rendered":"<p>Volvon satasarjan moottoreihin alasiivapy\u00f6r\u00e4 Kevyempi ja pienemm\u00e4ll\u00e4 keh\u00e4ll\u00e4 kuin alkuper\u00e4inen, jolloin saadaan esim vesipumpun ja laturin toiminta-aluetta parannettua. &nbsp; Tuotteet valmistetaan mittatilausty\u00f6n\u00e4 tilauksesta!<\/p>","protected":false},"featured_media":1592,"comment_status":"closed","ping_status":"closed","template":"","meta":[],"product_brand":[],"product_cat":[95,38],"product_tag":[139,140,76,135,136,137,138,134,96],"class_list":{"0":"post-1256","1":"product","2":"type-product","3":"status-publish","4":"has-post-thumbnail","6":"product_cat-kaikkituotteet","7":"product_cat-yleinen","8":"product_tag-alasiiva","9":"product_tag-alasiivapyora","10":"product_tag-alumiini","11":"product_tag-hihnapyora","12":"product_tag-pyora","13":"product_tag-siiva","14":"product_tag-siivapyora","15":"product_tag-vesipumppu","16":"product_tag-volvo","18":"first","19":"instock","20":"taxable","21":"shipping-taxable","22":"purchasable","23":"product-type-simple","24":"czr-hentry"},"jetpack_sharing_enabled":true,"_links":{"self":[{"href":"https:\/\/hautalahti.fi\/kauppa\/en\/wp-json\/wp\/v2\/product\/1256","targetHints":{"allow":["GET"]}}],"collection":[{"href":"https:\/\/hautalahti.fi\/kauppa\/en\/wp-json\/wp\/v2\/product"}],"about":[{"href":"https:\/\/hautalahti.fi\/kauppa\/en\/wp-json\/wp\/v2\/types\/product"}],"replies":[{"embeddable":true,"href":"https:\/\/hautalahti.fi\/kauppa\/en\/wp-json\/wp\/v2\/comments?post=1256"}],"wp:featuredmedia":[{"embeddable":true,"href":"https:\/\/hautalahti.fi\/kauppa\/en\/wp-json\/wp\/v2\/media\/1592"}],"wp:attachment":[{"href":"https:\/\/hautalahti.fi\/kauppa\/en\/wp-json\/wp\/v2\/media?parent=1256"}],"wp:term":[{"taxonomy":"product_brand","embeddable":true,"href":"https:\/\/hautalahti.fi\/kauppa\/en\/wp-json\/wp\/v2\/product_brand?post=1256"},{"taxonomy":"product_cat","embeddable":true,"href":"https:\/\/hautalahti.fi\/kauppa\/en\/wp-json\/wp\/v2\/product_cat?post=1256"},{"taxonomy":"product_tag","embeddable":true,"href":"https:\/\/hautalahti.fi\/kauppa\/en\/wp-json\/wp\/v2\/product_tag?post=1256"}],"curies":[{"name":"wp","href":"https:\/\/api.w.org\/{rel}","templated":true}]}}