{"id":1241,"date":"2022-06-21T14:32:47","date_gmt":"2022-06-21T11:32:47","guid":{"rendered":"https:\/\/hautalahti.fi\/kauppa\/?post_type=product&#038;p=1241"},"modified":"2026-02-27T17:26:15","modified_gmt":"2026-02-27T15:26:15","slug":"uniball-m12-premium-valykseton","status":"publish","type":"product","link":"https:\/\/hautalahti.fi\/kauppa\/en\/product\/uniball-m12-premium-valykseton\/","title":{"rendered":"Uniball M12 Premium (Zero-Play)"},"content":{"rendered":"<p>Kierre: M12x1,75<\/p>\n<p>Silm\u00e4n sis\u00e4halkaisija: 12mm<\/p>\n<p>Kierteen pituus: 35mm<\/p>\n<p>Koko Pituus: 69mm<\/p>\n<p>Leveys: 16mm<\/p>\n<p>Materiaali: Ter\u00e4s<\/p>\n<p>Kierre: Oikea\/vasen<\/p>\n<p>Valitse liukuvalikosta Kierteen k\u00e4tisyys Vasen\/Oikea<\/p>","protected":false},"excerpt":{"rendered":"<p>Kierre: M12x1,75 Silm\u00e4n sis\u00e4halkaisija: 12mm Kierteen pituus: 35mm Koko Pituus: 69mm Leveys: 16mm Materiaali: Ter\u00e4s Kierre: Oikea\/vasen Valitse liukuvalikosta Kierteen k\u00e4tisyys Vasen\/Oikea<\/p>","protected":false},"featured_media":1244,"comment_status":"closed","ping_status":"closed","template":"","meta":[],"product_brand":[],"product_cat":[95,92,187,38],"product_tag":[78,103,27,102,88,22,106,45,46,101,89,132,105,11,44,10,133,104,96],"class_list":{"0":"post-1241","1":"product","2":"type-product","3":"status-publish","4":"has-post-thumbnail","6":"product_cat-kaikkituotteet","7":"product_cat-uniball-osat","8":"product_cat-valtuot","9":"product_cat-yleinen","10":"product_tag-bmw","11":"product_tag-datsun","12":"product_tag-fiat","13":"product_tag-ford","14":"product_tag-jokkis","15":"product_tag-kierre","16":"product_tag-laatu","17":"product_tag-linkintanko","18":"product_tag-linkki","19":"product_tag-m-b","20":"product_tag-m12","21":"product_tag-naaras","22":"product_tag-oem","23":"product_tag-oikeakierre","24":"product_tag-tukivarsi","25":"product_tag-uniball","26":"product_tag-uros","27":"product_tag-vasenkierre","28":"product_tag-volvo","30":"first","31":"instock","32":"taxable","33":"shipping-taxable","34":"purchasable","35":"product-type-variable","36":"czr-hentry"},"jetpack_sharing_enabled":true,"_links":{"self":[{"href":"https:\/\/hautalahti.fi\/kauppa\/en\/wp-json\/wp\/v2\/product\/1241","targetHints":{"allow":["GET"]}}],"collection":[{"href":"https:\/\/hautalahti.fi\/kauppa\/en\/wp-json\/wp\/v2\/product"}],"about":[{"href":"https:\/\/hautalahti.fi\/kauppa\/en\/wp-json\/wp\/v2\/types\/product"}],"replies":[{"embeddable":true,"href":"https:\/\/hautalahti.fi\/kauppa\/en\/wp-json\/wp\/v2\/comments?post=1241"}],"wp:featuredmedia":[{"embeddable":true,"href":"https:\/\/hautalahti.fi\/kauppa\/en\/wp-json\/wp\/v2\/media\/1244"}],"wp:attachment":[{"href":"https:\/\/hautalahti.fi\/kauppa\/en\/wp-json\/wp\/v2\/media?parent=1241"}],"wp:term":[{"taxonomy":"product_brand","embeddable":true,"href":"https:\/\/hautalahti.fi\/kauppa\/en\/wp-json\/wp\/v2\/product_brand?post=1241"},{"taxonomy":"product_cat","embeddable":true,"href":"https:\/\/hautalahti.fi\/kauppa\/en\/wp-json\/wp\/v2\/product_cat?post=1241"},{"taxonomy":"product_tag","embeddable":true,"href":"https:\/\/hautalahti.fi\/kauppa\/en\/wp-json\/wp\/v2\/product_tag?post=1241"}],"curies":[{"name":"wp","href":"https:\/\/api.w.org\/{rel}","templated":true}]}}