{"id":1207,"date":"2022-04-12T17:01:05","date_gmt":"2022-04-12T14:01:05","guid":{"rendered":"https:\/\/hautalahti.fi\/kauppa\/?post_type=product&#038;p=1207"},"modified":"2026-02-27T17:27:08","modified_gmt":"2026-02-27T15:27:08","slug":"raamisahan-teran-alakiinnitin-angeli","status":"publish","type":"product","link":"https:\/\/hautalahti.fi\/kauppa\/en\/product\/raamisahan-teran-alakiinnitin-angeli\/","title":{"rendered":"Frame Saw Blade Lower Fastener Angel"},"content":{"rendered":"<p>Ter\u00e4n alakiinnitys angeli Mitoitus asiakkaan tarpeen mukaan.<\/p>\n<p>Ota yhteytt\u00e4 ja pyyd\u00e4 tarjous!!<\/p>\n<p>&nbsp;<\/p>","protected":false},"excerpt":{"rendered":"<p>Ter\u00e4n alakiinnitys angeli Mitoitus asiakkaan tarpeen mukaan. Ota yhteytt\u00e4 ja pyyd\u00e4 tarjous!! &nbsp;<\/p>","protected":false},"featured_media":1211,"comment_status":"closed","ping_status":"closed","template":"","meta":[],"product_brand":[],"product_cat":[95,38],"product_tag":[125,127,124,123,126],"class_list":{"0":"post-1207","1":"product","2":"type-product","3":"status-publish","4":"has-post-thumbnail","6":"product_cat-kaikkituotteet","7":"product_cat-yleinen","8":"product_tag-angeli","9":"product_tag-kiinnitin","10":"product_tag-raamisaha","11":"product_tag-saha","12":"product_tag-tera","14":"first","15":"instock","16":"taxable","17":"shipping-taxable","18":"product-type-simple","19":"czr-hentry"},"jetpack_sharing_enabled":true,"_links":{"self":[{"href":"https:\/\/hautalahti.fi\/kauppa\/en\/wp-json\/wp\/v2\/product\/1207","targetHints":{"allow":["GET"]}}],"collection":[{"href":"https:\/\/hautalahti.fi\/kauppa\/en\/wp-json\/wp\/v2\/product"}],"about":[{"href":"https:\/\/hautalahti.fi\/kauppa\/en\/wp-json\/wp\/v2\/types\/product"}],"replies":[{"embeddable":true,"href":"https:\/\/hautalahti.fi\/kauppa\/en\/wp-json\/wp\/v2\/comments?post=1207"}],"wp:featuredmedia":[{"embeddable":true,"href":"https:\/\/hautalahti.fi\/kauppa\/en\/wp-json\/wp\/v2\/media\/1211"}],"wp:attachment":[{"href":"https:\/\/hautalahti.fi\/kauppa\/en\/wp-json\/wp\/v2\/media?parent=1207"}],"wp:term":[{"taxonomy":"product_brand","embeddable":true,"href":"https:\/\/hautalahti.fi\/kauppa\/en\/wp-json\/wp\/v2\/product_brand?post=1207"},{"taxonomy":"product_cat","embeddable":true,"href":"https:\/\/hautalahti.fi\/kauppa\/en\/wp-json\/wp\/v2\/product_cat?post=1207"},{"taxonomy":"product_tag","embeddable":true,"href":"https:\/\/hautalahti.fi\/kauppa\/en\/wp-json\/wp\/v2\/product_tag?post=1207"}],"curies":[{"name":"wp","href":"https:\/\/api.w.org\/{rel}","templated":true}]}}