{"id":1115,"date":"2021-08-16T18:09:29","date_gmt":"2021-08-16T15:09:29","guid":{"rendered":"https:\/\/hautalahti.fi\/kauppa\/?post_type=product&#038;p=1115"},"modified":"2026-04-13T10:30:36","modified_gmt":"2026-04-13T07:30:36","slug":"bmw-2-0-2-5-m50-24valve-kovien-nostajien-muutos-sarja-24kpl","status":"publish","type":"product","link":"https:\/\/hautalahti.fi\/kauppa\/en\/product\/bmw-2-0-2-5-m50-24valve-kovien-nostajien-muutos-sarja-24kpl\/","title":{"rendered":"BMW 2.0\/2.5 M50 24valve hard lifters modification set 24pcs"},"content":{"rendered":"<p>BMW M50 moottoriseen Hydraulisten nostajien muutos sarja koviksi nostajiksi<\/p>\n<p>Sopii halkaisijaltaan 35mm paininkupille, jossa tapin paksuus 14mm<\/p>\n<p>Venttiilin pituus s\u00e4\u00e4det\u00e4\u00e4n joko venttiilin\/sielun pituutta muuttamalla tai\u00a0 &#8221;lashcap&#8221;:eilla.<\/p>\n<p>Sarja sis\u00e4lt\u00e4\u00e4 24kpl karkaistuja mekaanisia nostajan tappeja.<\/p>\n<p>&nbsp;<\/p>\n<p>Sopii my\u00f6s k\u00e4ytett\u00e4v\u00e4ksi muissa samoilla mitoilla olevissa paininkupeissa.<\/p>\n<p>&nbsp;<\/p>\n<p>Kilpa k\u00e4ytt\u00f6\u00f6n.<\/p>\n<p>&nbsp;<\/p>\n<p>Products are made to order as custom work!<\/p>","protected":false},"excerpt":{"rendered":"<p>BMW M50 moottoriseen Hydraulisten nostajien muutos sarja koviksi nostajiksi Sopii halkaisijaltaan 35mm paininkupille, jossa tapin paksuus 14mm Venttiilin pituus s\u00e4\u00e4det\u00e4\u00e4n joko venttiilin\/sielun pituutta muuttamalla tai\u00a0 &#8221;lashcap&#8221;:eilla. Sarja sis\u00e4lt\u00e4\u00e4 24kpl karkaistuja mekaanisia nostajan tappeja. &nbsp; Sopii my\u00f6s k\u00e4ytett\u00e4v\u00e4ksi muissa samoilla mitoilla olevissa paininkupeissa. &nbsp; Kilpa k\u00e4ytt\u00f6\u00f6n. &nbsp; Tuotteet valmistetaan mittatilausty\u00f6n\u00e4 tilauksesta!<\/p>","protected":false},"featured_media":1111,"comment_status":"closed","ping_status":"closed","template":"","meta":[],"product_brand":[],"product_cat":[91,95],"product_tag":[78,111,110,119,109,115,52,112,116,117,118,13,114,113],"class_list":{"0":"post-1115","1":"product","2":"type-product","3":"status-publish","4":"has-post-thumbnail","6":"product_cat-bmw-osat","7":"product_cat-kaikkituotteet","8":"product_tag-bmw","9":"product_tag-hydraulinen","10":"product_tag-hydraulinennostaja","11":"product_tag-kova","12":"product_tag-kovanostaja","13":"product_tag-kovatnostajat","14":"product_tag-m50","15":"product_tag-nostaja","16":"product_tag-solid","17":"product_tag-solidvalve","18":"product_tag-solidvalvelifter","19":"product_tag-teras","20":"product_tag-tuning","21":"product_tag-viritys","23":"first","24":"instock","25":"taxable","26":"shipping-taxable","27":"purchasable","28":"product-type-simple","29":"czr-hentry"},"jetpack_sharing_enabled":true,"_links":{"self":[{"href":"https:\/\/hautalahti.fi\/kauppa\/en\/wp-json\/wp\/v2\/product\/1115","targetHints":{"allow":["GET"]}}],"collection":[{"href":"https:\/\/hautalahti.fi\/kauppa\/en\/wp-json\/wp\/v2\/product"}],"about":[{"href":"https:\/\/hautalahti.fi\/kauppa\/en\/wp-json\/wp\/v2\/types\/product"}],"replies":[{"embeddable":true,"href":"https:\/\/hautalahti.fi\/kauppa\/en\/wp-json\/wp\/v2\/comments?post=1115"}],"wp:featuredmedia":[{"embeddable":true,"href":"https:\/\/hautalahti.fi\/kauppa\/en\/wp-json\/wp\/v2\/media\/1111"}],"wp:attachment":[{"href":"https:\/\/hautalahti.fi\/kauppa\/en\/wp-json\/wp\/v2\/media?parent=1115"}],"wp:term":[{"taxonomy":"product_brand","embeddable":true,"href":"https:\/\/hautalahti.fi\/kauppa\/en\/wp-json\/wp\/v2\/product_brand?post=1115"},{"taxonomy":"product_cat","embeddable":true,"href":"https:\/\/hautalahti.fi\/kauppa\/en\/wp-json\/wp\/v2\/product_cat?post=1115"},{"taxonomy":"product_tag","embeddable":true,"href":"https:\/\/hautalahti.fi\/kauppa\/en\/wp-json\/wp\/v2\/product_tag?post=1115"}],"curies":[{"name":"wp","href":"https:\/\/api.w.org\/{rel}","templated":true}]}}