{"id":21,"date":"2016-02-02T13:47:12","date_gmt":"2016-02-02T11:47:12","guid":{"rendered":"https:\/\/hautalahti.fi\/kauppa\/uusi\/uusi\/?page_id=21"},"modified":"2026-02-18T17:49:19","modified_gmt":"2026-02-18T15:49:19","slug":"yhteystiedot","status":"publish","type":"page","link":"https:\/\/hautalahti.fi\/kauppa\/en\/yhteystiedot\/","title":{"rendered":"Contact"},"content":{"rendered":"<h2><strong>Hautalahden Metallity\u00f6<\/strong><\/h2>\n<p><span style=\"font-size: 14pt;\"><strong>VAT-ID:<\/strong><\/span><br \/>\n2683350-2<\/p>\n<p><span style=\"font-size: 14pt;\"><strong>Phonenumber:<\/strong><\/span><br \/>\n+358 400 268 935<\/p>\n<p class=\"translation-block\"><span style=\"font-size: 14pt\"><strong>Email:<\/strong><\/span><br>\n<a href=\"mailto:info@hautalahti.fi\" target=\"_self\">info@hautalahti.fi<\/a><\/p>\n<p><span style=\"font-size: 14pt;\"><strong>Address:<\/strong><\/span><br \/>\nLehtosentie 1C<br \/>\n63600 T\u00f6ys\u00e4<br \/>\nFinland<\/p>\n<p><img data-recalc-dims=\"1\" loading=\"lazy\" decoding=\"async\" class=\"aligncenter wp-image-47\" src=\"https:\/\/i0.wp.com\/hautalahti.fi\/kauppa\/uusi\/uusi\/wp-content\/uploads\/2016\/02\/MG_4027-S.jpg?resize=383%2C550&#038;ssl=1\" alt=\"Markus Hautalahti\" width=\"383\" height=\"550\" srcset=\"https:\/\/i0.wp.com\/hautalahti.fi\/kauppa\/wp-content\/uploads\/2016\/02\/MG_4027-S.jpg?w=518&amp;ssl=1 518w, https:\/\/i0.wp.com\/hautalahti.fi\/kauppa\/wp-content\/uploads\/2016\/02\/MG_4027-S.jpg?resize=500%2C717&amp;ssl=1 500w, https:\/\/i0.wp.com\/hautalahti.fi\/kauppa\/wp-content\/uploads\/2016\/02\/MG_4027-S.jpg?resize=209%2C300&amp;ssl=1 209w\" sizes=\"auto, (max-width: 383px) 100vw, 383px\" \/><\/p>","protected":false},"excerpt":{"rendered":"<p>Hautalahden Metallity\u00f6 Y-tunnus: 2683350-2 Puhelinnumero: +358 400 268 935 S\u00e4hk\u00f6posti: info@hautalahti.fi Osoite: Lehtosentie 1C 63600 T\u00f6ys\u00e4 Suomi<\/p>","protected":false},"author":63,"featured_media":36,"parent":0,"menu_order":90,"comment_status":"closed","ping_status":"closed","template":"","meta":{"footnotes":""},"class_list":["post-21","page","type-page","status-publish","has-post-thumbnail","czr-hentry"],"jetpack_sharing_enabled":true,"_links":{"self":[{"href":"https:\/\/hautalahti.fi\/kauppa\/en\/wp-json\/wp\/v2\/pages\/21","targetHints":{"allow":["GET"]}}],"collection":[{"href":"https:\/\/hautalahti.fi\/kauppa\/en\/wp-json\/wp\/v2\/pages"}],"about":[{"href":"https:\/\/hautalahti.fi\/kauppa\/en\/wp-json\/wp\/v2\/types\/page"}],"author":[{"embeddable":true,"href":"https:\/\/hautalahti.fi\/kauppa\/en\/wp-json\/wp\/v2\/users\/63"}],"replies":[{"embeddable":true,"href":"https:\/\/hautalahti.fi\/kauppa\/en\/wp-json\/wp\/v2\/comments?post=21"}],"version-history":[{"count":22,"href":"https:\/\/hautalahti.fi\/kauppa\/en\/wp-json\/wp\/v2\/pages\/21\/revisions"}],"predecessor-version":[{"id":2575,"href":"https:\/\/hautalahti.fi\/kauppa\/en\/wp-json\/wp\/v2\/pages\/21\/revisions\/2575"}],"wp:featuredmedia":[{"embeddable":true,"href":"https:\/\/hautalahti.fi\/kauppa\/en\/wp-json\/wp\/v2\/media\/36"}],"wp:attachment":[{"href":"https:\/\/hautalahti.fi\/kauppa\/en\/wp-json\/wp\/v2\/media?parent=21"}],"curies":[{"name":"wp","href":"https:\/\/api.w.org\/{rel}","templated":true}]}}